{"id":38,"date":"2020-02-12T13:16:07","date_gmt":"2020-02-12T13:16:07","guid":{"rendered":"https:\/\/www.bimandbrick.it\/?page_id=38"},"modified":"2020-02-20T17:22:22","modified_gmt":"2020-02-20T17:22:22","slug":"struttura-evento","status":"publish","type":"page","link":"https:\/\/www.bimandbrick.it\/it\/struttura-evento\/","title":{"rendered":"Struttura evento"},"content":{"rendered":"[vc_row equal_height=&#8221;yes&#8221; el_class=&#8221;my-1&#8243;][vc_column][vc_row_inner equal_height=&#8221;yes&#8221; content_placement=&#8221;top&#8221;][vc_column_inner el_class=&#8221;py-lg-2 px-lg-5&#8243; width=&#8221;2\/3&#8243;][vc_column_text]\n<h3 style=\"text-align: left\"><span style=\"font-size: 26px;line-height: 20px\">Come sar\u00e0 BIM&amp;BRICK Summit?<\/span><\/h3>\n<p>L\u2019evento asseconder\u00e0 le evoluzioni tecnologiche di un\u2019intera filiera produttiva, raccontando le nuove modalit\u00e0 operative e di processo generate dalla digitalizzazione del sistema delle costruzioni.<\/p>\n<p>Si definir\u00e0 un percorso evolutivo e i reali vantaggi economici derivati dall\u2019adozione dei sistemi digitali, per chiudere l\u2019appuntamento con la stesura della <strong>\u201cCarta italiana della digitalizzazione\u201d.<\/strong>[\/vc_column_text][vc_column_text]\n<p style=\"text-align: left\"><a class=\"btn btn-lg btn-primary my-1 mx-1\" href=\"\/it\/contatti\/\">Richiedi informazioni<\/a><\/p>\n[\/vc_column_text][\/vc_column_inner][vc_column_inner el_class=&#8221;p-1 p-sm-3 p-lg-4 bg-darker&#8221; width=&#8221;1\/3&#8243;][vc_wp_custommenu nav_menu=&#8221;24&#8243;][\/vc_column_inner][\/vc_row_inner][\/vc_column][\/vc_row][vc_row equal_height=&#8221;yes&#8221; el_class=&#8221;my-1 bg-gray py-2&#8243;][vc_column][vc_row_inner][vc_column_inner width=&#8221;1\/3&#8243;][vc_column_text el_class=&#8221;py-2 px-3 py-sm-3 px-sm-5&#8243;]\n<h3 style=\"text-align: center\"><img decoding=\"async\" loading=\"lazy\" class=\"aligncenter wp-image-238\" src=\"\/public\/uploads\/sites\/18\/Microphone.png\" alt=\"\" width=\"47\" height=\"75\" \/><br \/>\n<span style=\"color: #cc1237\"><strong>Plenaria<\/strong><\/span><\/h3>\n<p style=\"text-align: center\">verr\u00e0 introdotto il tema dell\u2019evento \u201c<strong>La digitalizzazione che crea vantaggi per la filiera<\/strong>\u201d, con una lectio magistralis di digitalizzazione in ambito industriale (sensibilmente all\u2019avanguardia rispetto al sistema delle costruzioni) e da un economista che racconter\u00e0 i perch\u00e9 della digitalizzazione. A seguire la discussione passer\u00e0 ad un Talk Show con invitati.<\/p>\n[\/vc_column_text][\/vc_column_inner][vc_column_inner el_class=&#8221;px-1&#8243; width=&#8221;1\/3&#8243;][vc_column_text el_class=&#8221;py-2 px-3 py-sm-3 px-sm-5&#8243;]\n<h3 style=\"text-align: center\"><img decoding=\"async\" loading=\"lazy\" class=\"aligncenter wp-image-240\" src=\"\/public\/uploads\/sites\/18\/Workshop-300x163.png\" alt=\"\" width=\"138\" height=\"75\" srcset=\"\/public\/uploads\/sites\/18\/Workshop-300x163.png 300w, \/public\/uploads\/sites\/18\/Workshop.png 420w\" sizes=\"(max-width: 138px) 100vw, 138px\" \/><br \/>\n<span style=\"color: #cc1237\"><strong>4 sessioni parallele <\/strong><\/span><\/h3>\n<p style=\"text-align: center\">un incaricato di sala introdurr\u00e0 le relazioni, accender\u00e0 il dibattito e raccoglier\u00e0 criticit\u00e0 e spunti per la sessione plenaria conclusiva. Le aziende sponsor candideranno \u201cstorie\u201d da raccontare nei vari ambiti con lo scopo di avvicinare l\u2019interlocutore alle funzioni e ai vantaggi della digitalizzazione con esempi che siano rappresentativi delle tipologie e dimensioni delle aziende italiane.<\/p>\n<ul>\n<li><span style=\"color: #cc1237\"><strong>BIM<\/strong> per le <strong>Stazioni appaltanti\u00a0<\/strong><\/span><\/li>\n<li><span style=\"color: #cc1237\"><strong>BIM<\/strong> per la Manutenzione e<strong> Facility Management<\/strong><\/span><\/li>\n<li><span style=\"color: #cc1237\"><strong>BIM<\/strong> per le <strong>Imprese di costruzioni\u00a0<\/strong><\/span><\/li>\n<li><span style=\"color: #cc1237\"><strong>BIM<\/strong> per le <strong>Professioni<\/strong><\/span><\/li>\n<\/ul>\n[\/vc_column_text][\/vc_column_inner][vc_column_inner width=&#8221;1\/3&#8243;][vc_column_text el_class=&#8221;py-2 px-3 py-sm-3 px-sm-5&#8243;]\n<h3 style=\"text-align: center\"><img decoding=\"async\" loading=\"lazy\" class=\"aligncenter wp-image-238\" src=\"\/public\/uploads\/sites\/18\/Microphone.png\" alt=\"\" width=\"47\" height=\"75\" \/><br \/>\n<span style=\"color: #cc1237\"><strong>Plenaria di conclusione<\/strong><\/span><\/h3>\n<p style=\"text-align: center\">parteciperanno gli incaricati delle varie sale che porteranno i propri contributi al fine di individuare criticit\u00e0 e spunti nei vari ambiti al fine di arrivare a delle conclusioni utili alla definizione condivisa della <strong>\u201cCarta italiana per la digitalizzazione\u201d<\/strong> che verr\u00e0 sottoscritta dai presidenti delle associazioni coinvolte.<\/p>\n[\/vc_column_text][\/vc_column_inner][\/vc_row_inner][\/vc_column][\/vc_row][vc_row][vc_column el_class=&#8221;p-1 p-sm-3 p-lg-4&#8243;][vc_column_text el_class=&#8221;py-2 px-3 py-sm-3 px-sm-5&#8243;]\n<p style=\"text-align: center\"><a class=\"btn btn-lg btn-primary my-1 mx-1\" href=\"\/it\/contatti\/\">Richiedi informazioni<\/a><\/p>\n[\/vc_column_text][\/vc_column][\/vc_row]\n","protected":false},"excerpt":{"rendered":"<p>[vc_row equal_height=&#8221;yes&#8221; el_class=&#8221;my-1&#8243;][vc_column][vc_row_inner equal_height=&#8221;yes&#8221; content_placement=&#8221;top&#8221;][vc_column_inner el_class=&#8221;py-lg-2 px-lg-5&#8243; width=&#8221;2\/3&#8243;][vc_column_text] Come sar\u00e0 BIM&amp;BRICK Summit? L\u2019evento asseconder\u00e0 le evoluzioni tecnologiche di un\u2019intera filiera produttiva, raccontando le nuove modalit\u00e0 operative e di processo generate dalla digitalizzazione del sistema delle costruzioni. Si definir\u00e0 un percorso evolutivo e i reali vantaggi economici derivati dall\u2019adozione dei sistemi digitali, per chiudere l\u2019appuntamento con [&hellip;]<\/p>\n","protected":false},"author":1,"featured_media":281,"parent":0,"menu_order":0,"comment_status":"closed","ping_status":"closed","template":"","meta":[],"acf":[],"aioseo_notices":[],"_links":{"self":[{"href":"https:\/\/www.bimandbrick.it\/it\/wp-json\/wp\/v2\/pages\/38"}],"collection":[{"href":"https:\/\/www.bimandbrick.it\/it\/wp-json\/wp\/v2\/pages"}],"about":[{"href":"https:\/\/www.bimandbrick.it\/it\/wp-json\/wp\/v2\/types\/page"}],"author":[{"embeddable":true,"href":"https:\/\/www.bimandbrick.it\/it\/wp-json\/wp\/v2\/users\/1"}],"replies":[{"embeddable":true,"href":"https:\/\/www.bimandbrick.it\/it\/wp-json\/wp\/v2\/comments?post=38"}],"version-history":[{"count":2,"href":"https:\/\/www.bimandbrick.it\/it\/wp-json\/wp\/v2\/pages\/38\/revisions"}],"predecessor-version":[{"id":410,"href":"https:\/\/www.bimandbrick.it\/it\/wp-json\/wp\/v2\/pages\/38\/revisions\/410"}],"wp:featuredmedia":[{"embeddable":true,"href":"https:\/\/www.bimandbrick.it\/it\/wp-json\/wp\/v2\/media\/281"}],"wp:attachment":[{"href":"https:\/\/www.bimandbrick.it\/it\/wp-json\/wp\/v2\/media?parent=38"}],"curies":[{"name":"wp","href":"https:\/\/api.w.org\/{rel}","templated":true}]}}